{"id":10,"date":"2025-01-15T14:26:10","date_gmt":"2025-01-15T13:26:10","guid":{"rendered":"https:\/\/pneumokongresy.sk\/skolapneumologie\/?page_id=10"},"modified":"2025-01-28T12:56:51","modified_gmt":"2025-01-28T11:56:51","slug":"informacie","status":"publish","type":"page","link":"https:\/\/pneumokongresy.sk\/skolapneumologie\/informacie\/","title":{"rendered":"Inform\u00e1cie"},"content":{"rendered":"\t\t<div data-elementor-type=\"wp-page\" data-elementor-id=\"10\" class=\"elementor elementor-10\" data-elementor-post-type=\"page\">\n\t\t\t\t<div class=\"elementor-element elementor-element-f8ad7bb e-flex e-con-boxed e-con e-parent\" data-id=\"f8ad7bb\" data-element_type=\"container\" data-settings=\"{&quot;background_background&quot;:&quot;classic&quot;}\">\n\t\t\t\t\t<div class=\"e-con-inner\">\n\t\t\t\t\t<\/div>\n\t\t\t\t<\/div>\n\t\t<div class=\"elementor-element elementor-element-bdce2a4 e-flex e-con-boxed e-con e-parent\" data-id=\"bdce2a4\" data-element_type=\"container\">\n\t\t\t\t\t<div class=\"e-con-inner\">\n\t\t\t\t<div class=\"elementor-element elementor-element-7702211 elementor-widget elementor-widget-heading\" data-id=\"7702211\" data-element_type=\"widget\" data-widget_type=\"heading.default\">\n\t\t\t\t<div class=\"elementor-widget-container\">\n\t\t\t\t\t<h2 class=\"elementor-heading-title elementor-size-default\">D\u00f4le\u017eit\u00e9 term\u00edny<\/h2>\t\t\t\t<\/div>\n\t\t\t\t<\/div>\n\t\t\t\t<div class=\"elementor-element elementor-element-193f0ff elementor-widget elementor-widget-text-editor\" data-id=\"193f0ff\" data-element_type=\"widget\" data-widget_type=\"text-editor.default\">\n\t\t\t\t<div class=\"elementor-widget-container\">\n\t\t\t\t\t\t\t\t\t<h5 style=\"font-weight: 400;\"><strong>Akt\u00edvna \u00fa\u010das\u0165 <\/strong><\/h5><p style=\"font-weight: 400;\">do 21. 2. 2025 \u00a0prostredn\u00edctvom online <span style=\"text-decoration: underline;\"><strong><a href=\"https:\/\/pneumokongresy.sk\/skolapneumologie\/abstrakty\/\">prihlasovania abstraktov<\/a><br \/><\/strong><\/span>O zaraden\u00ed do programu podujatia V\u00e1s budeme informova\u0165 na z\u00e1klade rozhodnutia organiza\u010dn\u00e9ho a programov\u00e9ho v\u00fdboru<span style=\"text-decoration: underline;\"><strong><br \/><\/strong><\/span><\/p><h5 style=\"font-weight: 400;\"><strong>Pas\u00edvna \u00fa\u010das\u0165<\/strong> \u00a0 \u00a0\u00a0\u00a0\u00a0<\/h5><p style=\"font-weight: 400;\"><strong>skor\u00e1 registr\u00e1cia do 7. 3. 2025<br \/><\/strong>prostredn\u00edctvom online <span style=\"text-decoration: underline;\"><strong><a href=\"https:\/\/pneumokongresy.sk\/skolapneumologie\/registracia\/\">registra\u010dn\u00e9ho formul\u00e1ra<\/a><\/strong><\/span><\/p><p><span style=\"font-weight: 400;\"><strong>po 7. 3. 2025 \u00a0registr\u00e1cia na mieste<\/strong><\/span><\/p>\t\t\t\t\t\t\t\t<\/div>\n\t\t\t\t<\/div>\n\t\t\t\t\t<\/div>\n\t\t\t\t<\/div>\n\t\t<div class=\"elementor-element elementor-element-23a05e7 e-flex e-con-boxed e-con e-parent\" data-id=\"23a05e7\" data-element_type=\"container\">\n\t\t\t\t\t<div class=\"e-con-inner\">\n\t\t\t\t<div class=\"elementor-element elementor-element-28ff6d9 elementor-widget elementor-widget-heading\" data-id=\"28ff6d9\" data-element_type=\"widget\" data-widget_type=\"heading.default\">\n\t\t\t\t<div class=\"elementor-widget-container\">\n\t\t\t\t\t<h2 class=\"elementor-heading-title elementor-size-default\">Ubytovanie<\/h2>\t\t\t\t<\/div>\n\t\t\t\t<\/div>\n\t\t\t\t<div class=\"elementor-element elementor-element-169f234 elementor-widget elementor-widget-text-editor\" data-id=\"169f234\" data-element_type=\"widget\" data-widget_type=\"text-editor.default\">\n\t\t\t\t<div class=\"elementor-widget-container\">\n\t\t\t\t\t\t\t\t\t<p style=\"font-weight: 400; text-align: center;\"><strong>Ubytovanie je individu\u00e1lne.<br \/><\/strong>Rezerv\u00e1cia ubytovania do vy\u010derpania rezervovanej kapacity<\/p><p style=\"text-align: center;\"><span style=\"font-weight: 400;\">\u00a0Info: <\/span><span style=\"text-decoration: underline;\"><strong><a href=\"mailto:jana.chrenkova@tajpan.com\">jana.chrenkova@tajpan.com<\/a><\/strong><\/span><\/p>\t\t\t\t\t\t\t\t<\/div>\n\t\t\t\t<\/div>\n\t\t\t\t\t<\/div>\n\t\t\t\t<\/div>\n\t\t\t\t<\/div>\n\t\t","protected":false},"excerpt":{"rendered":"<p>D\u00f4le\u017eit\u00e9 term\u00edny Akt\u00edvna \u00fa\u010das\u0165 do 21. 2. 2025 \u00a0prostredn\u00edctvom online prihlasovania abstraktovO zaraden\u00ed do programu podujatia V\u00e1s budeme informova\u0165 na z\u00e1klade rozhodnutia organiza\u010dn\u00e9ho a programov\u00e9ho v\u00fdboru Pas\u00edvna \u00fa\u010das\u0165 \u00a0 \u00a0\u00a0\u00a0\u00a0 skor\u00e1 registr\u00e1cia do 7. 3. 2025prostredn\u00edctvom online registra\u010dn\u00e9ho formul\u00e1ra po 7. 3. 2025 \u00a0registr\u00e1cia na mieste Ubytovanie Ubytovanie je individu\u00e1lne.Rezerv\u00e1cia ubytovania do vy\u010derpania rezervovanej kapacity [&hellip;]<\/p>\n","protected":false},"author":1,"featured_media":0,"parent":0,"menu_order":0,"comment_status":"closed","ping_status":"closed","template":"","meta":{"footnotes":""},"class_list":["post-10","page","type-page","status-publish","hentry"],"_links":{"self":[{"href":"https:\/\/pneumokongresy.sk\/skolapneumologie\/wp-json\/wp\/v2\/pages\/10","targetHints":{"allow":["GET"]}}],"collection":[{"href":"https:\/\/pneumokongresy.sk\/skolapneumologie\/wp-json\/wp\/v2\/pages"}],"about":[{"href":"https:\/\/pneumokongresy.sk\/skolapneumologie\/wp-json\/wp\/v2\/types\/page"}],"author":[{"embeddable":true,"href":"https:\/\/pneumokongresy.sk\/skolapneumologie\/wp-json\/wp\/v2\/users\/1"}],"replies":[{"embeddable":true,"href":"https:\/\/pneumokongresy.sk\/skolapneumologie\/wp-json\/wp\/v2\/comments?post=10"}],"version-history":[{"count":22,"href":"https:\/\/pneumokongresy.sk\/skolapneumologie\/wp-json\/wp\/v2\/pages\/10\/revisions"}],"predecessor-version":[{"id":310,"href":"https:\/\/pneumokongresy.sk\/skolapneumologie\/wp-json\/wp\/v2\/pages\/10\/revisions\/310"}],"wp:attachment":[{"href":"https:\/\/pneumokongresy.sk\/skolapneumologie\/wp-json\/wp\/v2\/media?parent=10"}],"curies":[{"name":"wp","href":"https:\/\/api.w.org\/{rel}","templated":true}]}}