{"id":8,"date":"2025-01-15T14:25:45","date_gmt":"2025-01-15T13:25:45","guid":{"rendered":"https:\/\/pneumokongresy.sk\/spfs-kongres\/?page_id=8"},"modified":"2025-01-16T11:31:25","modified_gmt":"2025-01-16T10:31:25","slug":"uvod","status":"publish","type":"page","link":"https:\/\/pneumokongresy.sk\/spfs-kongres\/","title":{"rendered":"\u00davod"},"content":{"rendered":"\t\t<div data-elementor-type=\"wp-post\" data-elementor-id=\"8\" class=\"elementor elementor-8\" data-elementor-post-type=\"page\">\n\t\t\t\t<div class=\"elementor-element elementor-element-7ff1a022 e-flex e-con-boxed e-con e-parent\" data-id=\"7ff1a022\" data-element_type=\"container\" data-settings=\"{&quot;background_background&quot;:&quot;classic&quot;}\">\n\t\t\t\t\t<div class=\"e-con-inner\">\n\t\t<div class=\"elementor-element elementor-element-59ab870e e-con-full e-flex e-con e-child\" data-id=\"59ab870e\" data-element_type=\"container\">\n\t\t<div class=\"elementor-element elementor-element-60ecc2e1 e-flex e-con-boxed e-con e-child\" data-id=\"60ecc2e1\" data-element_type=\"container\">\n\t\t\t\t\t<div class=\"e-con-inner\">\n\t\t\t\t<div class=\"elementor-element elementor-element-0f74f23 animated-slow elementor-invisible elementor-widget elementor-widget-heading\" data-id=\"0f74f23\" data-element_type=\"widget\" data-settings=\"{&quot;_animation&quot;:&quot;fadeInDown&quot;}\" data-widget_type=\"heading.default\">\n\t\t\t\t<div class=\"elementor-widget-container\">\n\t\t\t\t\t<h1 class=\"elementor-heading-title elementor-size-default\">XXIV. KONGRES<\/h1>\t\t\t\t<\/div>\n\t\t\t\t<\/div>\n\t\t\t\t<div class=\"elementor-element elementor-element-12d8d84 animated-slow elementor-invisible elementor-widget elementor-widget-heading\" data-id=\"12d8d84\" data-element_type=\"widget\" data-settings=\"{&quot;_animation&quot;:&quot;fadeInUp&quot;,&quot;_animation_delay&quot;:300}\" data-widget_type=\"heading.default\">\n\t\t\t\t<div class=\"elementor-widget-container\">\n\t\t\t\t\t<h2 class=\"elementor-heading-title elementor-size-default\">Slovenskej pneumologickej a ftizeologickej spolo\u010dnosti SLS<br>\na \u010cesk\u00e9 pneumologick\u00e9 a ftizeologick\u00e9 spole\u010dnosti \u010cLS<\/h2>\t\t\t\t<\/div>\n\t\t\t\t<\/div>\n\t\t<div class=\"elementor-element elementor-element-5a48ec31 e-flex e-con-boxed e-con e-child\" data-id=\"5a48ec31\" data-element_type=\"container\">\n\t\t\t\t\t<div class=\"e-con-inner\">\n\t\t\t\t<div class=\"elementor-element elementor-element-485bd32a animated-slow elementor-invisible elementor-widget elementor-widget-image\" data-id=\"485bd32a\" data-element_type=\"widget\" data-settings=\"{&quot;_animation&quot;:&quot;zoomIn&quot;,&quot;_animation_delay&quot;:500}\" data-widget_type=\"image.default\">\n\t\t\t\t<div class=\"elementor-widget-container\">\n\t\t\t\t\t\t\t\t\t\t\t\t\t\t\t<img fetchpriority=\"high\" decoding=\"async\" width=\"300\" height=\"300\" src=\"https:\/\/pneumokongresy.sk\/spfs-kongres\/wp-content\/uploads\/2025\/01\/spfs-logo-300x300.png\" class=\"attachment-medium size-medium wp-image-85\" alt=\"\" srcset=\"https:\/\/pneumokongresy.sk\/spfs-kongres\/wp-content\/uploads\/2025\/01\/spfs-logo-300x300.png 300w, https:\/\/pneumokongresy.sk\/spfs-kongres\/wp-content\/uploads\/2025\/01\/spfs-logo-150x150.png 150w, https:\/\/pneumokongresy.sk\/spfs-kongres\/wp-content\/uploads\/2025\/01\/spfs-logo.png 600w\" sizes=\"(max-width: 300px) 100vw, 300px\" \/>\t\t\t\t\t\t\t\t\t\t\t\t\t\t\t<\/div>\n\t\t\t\t<\/div>\n\t\t\t\t<div class=\"elementor-element elementor-element-5e127a69 animated-slow elementor-invisible elementor-widget elementor-widget-image\" data-id=\"5e127a69\" data-element_type=\"widget\" data-settings=\"{&quot;_animation&quot;:&quot;zoomIn&quot;,&quot;_animation_delay&quot;:500}\" data-widget_type=\"image.default\">\n\t\t\t\t<div class=\"elementor-widget-container\">\n\t\t\t\t\t\t\t\t\t\t\t\t\t\t\t<img decoding=\"async\" width=\"300\" height=\"300\" src=\"https:\/\/pneumokongresy.sk\/spfs-kongres\/wp-content\/uploads\/2025\/01\/cpfs-logo-300x300.png\" class=\"attachment-medium size-medium wp-image-83\" alt=\"\" srcset=\"https:\/\/pneumokongresy.sk\/spfs-kongres\/wp-content\/uploads\/2025\/01\/cpfs-logo-300x300.png 300w, https:\/\/pneumokongresy.sk\/spfs-kongres\/wp-content\/uploads\/2025\/01\/cpfs-logo-150x150.png 150w, https:\/\/pneumokongresy.sk\/spfs-kongres\/wp-content\/uploads\/2025\/01\/cpfs-logo.png 600w\" sizes=\"(max-width: 300px) 100vw, 300px\" \/>\t\t\t\t\t\t\t\t\t\t\t\t\t\t\t<\/div>\n\t\t\t\t<\/div>\n\t\t\t\t<div class=\"elementor-element elementor-element-59ce9a5 animated-slow elementor-invisible elementor-widget elementor-widget-image\" data-id=\"59ce9a5\" data-element_type=\"widget\" data-settings=\"{&quot;_animation&quot;:&quot;zoomIn&quot;,&quot;_animation_delay&quot;:500}\" data-widget_type=\"image.default\">\n\t\t\t\t<div class=\"elementor-widget-container\">\n\t\t\t\t\t\t\t\t\t\t\t\t\t\t\t<img decoding=\"async\" width=\"300\" height=\"300\" src=\"https:\/\/pneumokongresy.sk\/spfs-kongres\/wp-content\/uploads\/2025\/01\/hagy-logo-300x300.png\" class=\"attachment-medium size-medium wp-image-84\" alt=\"\" srcset=\"https:\/\/pneumokongresy.sk\/spfs-kongres\/wp-content\/uploads\/2025\/01\/hagy-logo-300x300.png 300w, https:\/\/pneumokongresy.sk\/spfs-kongres\/wp-content\/uploads\/2025\/01\/hagy-logo-150x150.png 150w, https:\/\/pneumokongresy.sk\/spfs-kongres\/wp-content\/uploads\/2025\/01\/hagy-logo.png 600w\" sizes=\"(max-width: 300px) 100vw, 300px\" \/>\t\t\t\t\t\t\t\t\t\t\t\t\t\t\t<\/div>\n\t\t\t\t<\/div>\n\t\t\t\t\t<\/div>\n\t\t\t\t<\/div>\n\t\t\t\t<div class=\"elementor-element elementor-element-297a32f7 animated-slow elementor-widget-divider--view-line elementor-invisible elementor-widget elementor-widget-divider\" data-id=\"297a32f7\" data-element_type=\"widget\" data-settings=\"{&quot;_animation&quot;:&quot;zoomIn&quot;,&quot;_animation_delay&quot;:900}\" data-widget_type=\"divider.default\">\n\t\t\t\t<div class=\"elementor-widget-container\">\n\t\t\t\t\t\t\t<div class=\"elementor-divider\">\n\t\t\t<span class=\"elementor-divider-separator\">\n\t\t\t\t\t\t<\/span>\n\t\t<\/div>\n\t\t\t\t\t\t<\/div>\n\t\t\t\t<\/div>\n\t\t\t\t<div class=\"elementor-element elementor-element-4ea04548 animated-slow elementor-invisible elementor-widget elementor-widget-heading\" data-id=\"4ea04548\" data-element_type=\"widget\" data-settings=\"{&quot;_animation&quot;:&quot;fadeInUp&quot;,&quot;_animation_delay&quot;:1200}\" data-widget_type=\"heading.default\">\n\t\t\t\t<div class=\"elementor-widget-container\">\n\t\t\t\t\t<h3 class=\"elementor-heading-title elementor-size-default\">12. \u2013 14. j\u00fan 2025<\/h3>\t\t\t\t<\/div>\n\t\t\t\t<\/div>\n\t\t\t\t<div class=\"elementor-element elementor-element-37f7bf2 animated-slow elementor-invisible elementor-widget elementor-widget-heading\" data-id=\"37f7bf2\" data-element_type=\"widget\" data-settings=\"{&quot;_animation&quot;:&quot;fadeInUp&quot;,&quot;_animation_delay&quot;:1500}\" data-widget_type=\"heading.default\">\n\t\t\t\t<div class=\"elementor-widget-container\">\n\t\t\t\t\t<h3 class=\"elementor-heading-title elementor-size-default\">N\u00e1rodn\u00fd \u00fastav tuberkul\u00f3zy, p\u013e\u00facnych chor\u00f4b\na hrudn\u00edkovej chirurgie, Vy\u0161n\u00e9 H\u00e1gy<br>\nHotel PATRIA , \u0160trbsk\u00e9 Pleso<\/h3>\t\t\t\t<\/div>\n\t\t\t\t<\/div>\n\t\t\t\t\t<\/div>\n\t\t\t\t<\/div>\n\t\t\t\t<\/div>\n\t\t\t\t\t<\/div>\n\t\t\t\t<\/div>\n\t\t<div class=\"elementor-element elementor-element-6e7bced e-flex e-con-boxed e-con e-parent\" data-id=\"6e7bced\" data-element_type=\"container\">\n\t\t\t\t\t<div class=\"e-con-inner\">\n\t\t\t\t<div class=\"elementor-element elementor-element-26d6afa elementor-widget elementor-widget-video\" data-id=\"26d6afa\" data-element_type=\"widget\" data-settings=\"{&quot;video_type&quot;:&quot;hosted&quot;,&quot;autoplay&quot;:&quot;yes&quot;,&quot;play_on_mobile&quot;:&quot;yes&quot;,&quot;controls&quot;:&quot;yes&quot;}\" data-widget_type=\"video.default\">\n\t\t\t\t<div class=\"elementor-widget-container\">\n\t\t\t\t\t\t\t<div class=\"e-hosted-video elementor-wrapper elementor-open-inline\">\n\t\t\t\t\t<video class=\"elementor-video\" src=\"https:\/\/pneumokongresy.sk\/spfs-kongres\/wp-content\/uploads\/2025\/01\/pozvanka_final_text.mp4\" autoplay=\"\" controls=\"\" playsinline=\"\" controlsList=\"nodownload\"><\/video>\n\t\t\t\t<\/div>\n\t\t\t\t\t\t<\/div>\n\t\t\t\t<\/div>\n\t\t\t\t\t<\/div>\n\t\t\t\t<\/div>\n\t\t<div class=\"elementor-element elementor-element-833ce98 e-flex e-con-boxed e-con e-parent\" data-id=\"833ce98\" data-element_type=\"container\">\n\t\t\t\t\t<div class=\"e-con-inner\">\n\t\t<div class=\"elementor-element elementor-element-82286f6 e-con-full e-flex e-con e-child\" data-id=\"82286f6\" data-element_type=\"container\">\n\t\t<div class=\"elementor-element elementor-element-a897060 e-con-full e-flex e-con e-child\" data-id=\"a897060\" data-element_type=\"container\">\n\t\t\t\t<div class=\"elementor-element elementor-element-04e3e9f elementor-widget elementor-widget-image\" data-id=\"04e3e9f\" data-element_type=\"widget\" data-widget_type=\"image.default\">\n\t\t\t\t<div class=\"elementor-widget-container\">\n\t\t\t\t\t\t\t\t\t\t\t\t\t\t\t<img loading=\"lazy\" decoding=\"async\" width=\"356\" height=\"415\" src=\"https:\/\/pneumokongresy.sk\/spfs-kongres\/wp-content\/uploads\/2025\/01\/solovic.jpg\" class=\"attachment-full size-full wp-image-191\" alt=\"\" srcset=\"https:\/\/pneumokongresy.sk\/spfs-kongres\/wp-content\/uploads\/2025\/01\/solovic.jpg 356w, https:\/\/pneumokongresy.sk\/spfs-kongres\/wp-content\/uploads\/2025\/01\/solovic-257x300.jpg 257w\" sizes=\"(max-width: 356px) 100vw, 356px\" \/>\t\t\t\t\t\t\t\t\t\t\t\t\t\t\t<\/div>\n\t\t\t\t<\/div>\n\t\t\t\t<\/div>\n\t\t<div class=\"elementor-element elementor-element-c838716 e-con-full e-flex e-con e-child\" data-id=\"c838716\" data-element_type=\"container\">\n\t\t\t\t<div class=\"elementor-element elementor-element-f4f79ad elementor-widget elementor-widget-heading\" data-id=\"f4f79ad\" data-element_type=\"widget\" data-widget_type=\"heading.default\">\n\t\t\t\t<div class=\"elementor-widget-container\">\n\t\t\t\t\t<h2 class=\"elementor-heading-title elementor-size-default\">V\u00e1\u017een\u00e9 d\u00e1my a p\u00e1ni, mil\u00ed kolegovia,<\/h2>\t\t\t\t<\/div>\n\t\t\t\t<\/div>\n\t\t\t\t<\/div>\n\t\t\t\t<\/div>\n\t\t\t\t<div class=\"elementor-element elementor-element-0a40e86 elementor-widget elementor-widget-text-editor\" data-id=\"0a40e86\" data-element_type=\"widget\" data-widget_type=\"text-editor.default\">\n\t\t\t\t<div class=\"elementor-widget-container\">\n\t\t\t\t\t\t\t\t\t<p>dovo\u013ete mi srde\u010dne V\u00e1s pozva\u0165 v mene organiza\u010dn\u00e9ho v\u00fdboru na 24. spolo\u010dn\u00fd kongres Slovenskej pneumologickej a ftizeologickej spolo\u010dnosti a \u010ceskej pneumologickej a ftizeologickej spolo\u010dnosti vo Vysok\u00fdch Tatr\u00e1ch \u2013 vo Vy\u0161n\u00fdch H\u00e1goch a na \u0160trbskom Plese v d\u0148och 12.-14.6.2025.<span class=\"Apple-converted-space\">\u00a0<\/span><\/p><p>Spolo\u010dn\u00fd kongres na\u0161ich dvoch odborn\u00fdch spolo\u010dnost\u00ed je najv\u00e4\u010d\u0161\u00edm a najv\u00fdznamnej\u0161\u00edm odborn\u00fdm podujat\u00edm pneumol\u00f3gov a ftizeol\u00f3gov v na\u0161ich krajin\u00e1ch.<span class=\"Apple-converted-space\">\u00a0<\/span><\/p><p>Trojd\u0148ov\u00fd vedeck\u00fd program n\u00e1m umo\u017en\u00ed bli\u017e\u0161ie sa obozn\u00e1mi\u0165 s nov\u00fdmi poznatkami v oblasti pneumol\u00f3gie a ftizeol\u00f3gie, hrudn\u00edkovej chirurgie ako aj o\u0161etrovate\u013eskej starostlivosti pre pacientov s chorobami p\u013e\u00fac, budeme ma\u0165 mo\u017enos\u0165 prezentova\u0165 svoje v\u00fdsledky, budeme ma\u0165 mo\u017enos\u0165 stretn\u00fa\u0165 sa s kolegami a nadviaza\u0165 nov\u00fa spolupr\u00e1cu.<span class=\"Apple-converted-space\">\u00a0<\/span><\/p><p>Ve\u010f v\u0161etci m\u00e1me spolo\u010dn\u00fd cie\u013e \u2013 boj proti tuberkul\u00f3ze a p\u013e\u00facnym chorob\u00e1m.<span class=\"Apple-converted-space\">\u00a0<\/span><\/p><p>Spoluorganiz\u00e1torom kongresu je N\u00e1rodn\u00fd \u00fastav tuberkul\u00f3zy, p\u013e\u00facnych chor\u00f4b a hrudn\u00edkovej chirurgie vo Vy\u0161n\u00fdch H\u00e1goch, v priestoroch ktor\u00e9ho bude prebieha\u0165 odborn\u00fd program prv\u00e9ho d\u0148a kongresu 12.6.2025, ako aj sestersk\u00e1 sekcia odborn\u00e9ho programu d\u0148a 13.6.2025.<span class=\"Apple-converted-space\">\u00a0<\/span><\/p><p>Sprievodn\u00fdm podujat\u00edm tohto kongresu bude \u201eBeh za zdrav\u00e9 p\u013e\u00faca\u201c d\u0148a 13.6.2025 v podve\u010dern\u00fdch hodin\u00e1ch, ktor\u00fd bude ma\u0165 trasu priamo okolo \u0160trbsk\u00e9ho Plesa a je v\u00fdzvou pre n\u00e1s na vysk\u00fa\u0161anie si svojej kapacity p\u013e\u00fac v re\u00e1lnych vysokohorsk\u00fdch podmienkach.<span class=\"Apple-converted-space\">\u00a0<\/span><\/p><p>Mene organiza\u010dn\u00e9ho v\u00fdboru sa te\u0161\u00edm na stretnutie vo Vysok\u00fdch Tatr\u00e1ch.<span class=\"Apple-converted-space\">\u00a0<\/span><\/p><p style=\"text-align: right;\"><strong><i>doc. MUDr. Ivan Solovi\u010d, CSc.<span class=\"Apple-converted-space\"><br \/><\/span><\/i><i><\/i>prezident kongresu<\/strong><\/p>\t\t\t\t\t\t\t\t<\/div>\n\t\t\t\t<\/div>\n\t\t\t\t\t<\/div>\n\t\t\t\t<\/div>\n\t\t\t\t<\/div>\n\t\t","protected":false},"excerpt":{"rendered":"<p>XXIV. KONGRES Slovenskej pneumologickej a ftizeologickej spolo\u010dnosti SLS a \u010cesk\u00e9 pneumologick\u00e9 a ftizeologick\u00e9 spole\u010dnosti \u010cLS 12. \u2013 14. j\u00fan 2025 N\u00e1rodn\u00fd \u00fastav tuberkul\u00f3zy, p\u013e\u00facnych chor\u00f4b a hrudn\u00edkovej chirurgie, Vy\u0161n\u00e9 H\u00e1gy Hotel PATRIA , \u0160trbsk\u00e9 Pleso https:\/\/pneumokongresy.sk\/spfs-kongres\/wp-content\/uploads\/2025\/01\/pozvanka_final_text.mp4 V\u00e1\u017een\u00e9 d\u00e1my a p\u00e1ni, mil\u00ed kolegovia, dovo\u013ete mi srde\u010dne V\u00e1s pozva\u0165 v mene organiza\u010dn\u00e9ho v\u00fdboru na 24. spolo\u010dn\u00fd kongres [&hellip;]<\/p>\n","protected":false},"author":1,"featured_media":0,"parent":0,"menu_order":0,"comment_status":"closed","ping_status":"closed","template":"","meta":{"_view_id":"","footnotes":""},"class_list":["post-8","page","type-page","status-publish","hentry"],"_links":{"self":[{"href":"https:\/\/pneumokongresy.sk\/spfs-kongres\/wp-json\/wp\/v2\/pages\/8","targetHints":{"allow":["GET"]}}],"collection":[{"href":"https:\/\/pneumokongresy.sk\/spfs-kongres\/wp-json\/wp\/v2\/pages"}],"about":[{"href":"https:\/\/pneumokongresy.sk\/spfs-kongres\/wp-json\/wp\/v2\/types\/page"}],"author":[{"embeddable":true,"href":"https:\/\/pneumokongresy.sk\/spfs-kongres\/wp-json\/wp\/v2\/users\/1"}],"replies":[{"embeddable":true,"href":"https:\/\/pneumokongresy.sk\/spfs-kongres\/wp-json\/wp\/v2\/comments?post=8"}],"version-history":[{"count":25,"href":"https:\/\/pneumokongresy.sk\/spfs-kongres\/wp-json\/wp\/v2\/pages\/8\/revisions"}],"predecessor-version":[{"id":194,"href":"https:\/\/pneumokongresy.sk\/spfs-kongres\/wp-json\/wp\/v2\/pages\/8\/revisions\/194"}],"wp:attachment":[{"href":"https:\/\/pneumokongresy.sk\/spfs-kongres\/wp-json\/wp\/v2\/media?parent=8"}],"curies":[{"name":"wp","href":"https:\/\/api.w.org\/{rel}","templated":true}]}}